{"id":51,"date":"2015-05-08T11:05:53","date_gmt":"2015-05-08T11:05:53","guid":{"rendered":"http:\/\/caixaservicos.pt\/wp\/?page_id=51"},"modified":"2026-02-23T20:13:02","modified_gmt":"2026-02-23T20:13:02","slug":"contatos-e-localizacao","status":"publish","type":"page","link":"http:\/\/www.caixaservicos.pt\/wp\/?page_id=51","title":{"rendered":"Contatos e localiza\u00e7\u00e3o"},"content":{"rendered":"<p>Beco Abel Crist\u00e3o \u2013 Caixas<\/p>\n<p>2970-203 Sesimbra<\/p>\n<p>Telefone: 21 268 37 72 (Chamada para rede fixa nacional)<\/p>\n<p>Telem\u00f3vel: 93 783 16 88 (Chamada para rede m\u00f3vel)<\/p>\n<p>E-mail: geral@caixaservicos.pt<\/p>\n","protected":false},"excerpt":{"rendered":"<p>Beco Abel Crist\u00e3o \u2013 Caixas 2970-203 Sesimbra Telefone: 21 268 37 72 (Chamada para rede fixa nacional) Telem\u00f3vel: 93 783 16 88 (Chamada para rede m\u00f3vel) E-mail: geral@caixaservicos.pt<\/p>\n","protected":false},"author":1,"featured_media":0,"parent":0,"menu_order":0,"comment_status":"closed","ping_status":"closed","template":"","meta":{"footnotes":""},"class_list":["post-51","page","type-page","status-publish","hentry"],"_links":{"self":[{"href":"http:\/\/www.caixaservicos.pt\/wp\/index.php?rest_route=\/wp\/v2\/pages\/51","targetHints":{"allow":["GET"]}}],"collection":[{"href":"http:\/\/www.caixaservicos.pt\/wp\/index.php?rest_route=\/wp\/v2\/pages"}],"about":[{"href":"http:\/\/www.caixaservicos.pt\/wp\/index.php?rest_route=\/wp\/v2\/types\/page"}],"author":[{"embeddable":true,"href":"http:\/\/www.caixaservicos.pt\/wp\/index.php?rest_route=\/wp\/v2\/users\/1"}],"replies":[{"embeddable":true,"href":"http:\/\/www.caixaservicos.pt\/wp\/index.php?rest_route=%2Fwp%2Fv2%2Fcomments&post=51"}],"version-history":[{"count":7,"href":"http:\/\/www.caixaservicos.pt\/wp\/index.php?rest_route=\/wp\/v2\/pages\/51\/revisions"}],"predecessor-version":[{"id":88,"href":"http:\/\/www.caixaservicos.pt\/wp\/index.php?rest_route=\/wp\/v2\/pages\/51\/revisions\/88"}],"wp:attachment":[{"href":"http:\/\/www.caixaservicos.pt\/wp\/index.php?rest_route=%2Fwp%2Fv2%2Fmedia&parent=51"}],"curies":[{"name":"wp","href":"https:\/\/api.w.org\/{rel}","templated":true}]}}